{"id":103,"date":"2024-06-20T10:49:58","date_gmt":"2024-06-20T08:49:58","guid":{"rendered":"https:\/\/cftc-transports.synology.me\/wordpress\/?page_id=103"},"modified":"2025-05-30T07:13:10","modified_gmt":"2025-05-30T05:13:10","slug":"inscription","status":"publish","type":"page","link":"https:\/\/cftc-transports.synology.me\/wordpress\/","title":{"rendered":"INSCRIPTION EVENEMENT"},"content":{"rendered":"\n<p class=\"has-text-color has-link-color wp-elements-f0500298fc2d23bccaebfcbe687c5620\" style=\"color:#ea4f70;margin-top:0;margin-bottom:0;padding-top:0;padding-bottom:0;font-size:100px;font-style:normal;font-weight:700;line-height:1.2\"><marquee scrollamount=\"10\">Le syndicat constructif<\/marquee><\/p>\n\n\n<style id=\"wpforms-css-vars-78-block-d6bf7d9b-f32d-41e9-88f0-3758dae16ca8\">\n\t\t\t\t#wpforms-78.wpforms-block-d6bf7d9b-f32d-41e9-88f0-3758dae16ca8 {\n\t\t\t\t--wpforms-field-background-color: var(--ast-global-color-6);\n--wpforms-field-size-input-height: 43px;\n--wpforms-field-size-input-spacing: 15px;\n--wpforms-field-size-font-size: 16px;\n--wpforms-field-size-line-height: 19px;\n--wpforms-field-size-padding-h: 14px;\n--wpforms-field-size-checkbox-size: 16px;\n--wpforms-field-size-sublabel-spacing: 5px;\n--wpforms-field-size-icon-size: 1;\n--wpforms-label-size-font-size: 16px;\n--wpforms-label-size-line-height: 19px;\n--wpforms-label-size-sublabel-font-size: 14px;\n--wpforms-label-size-sublabel-line-height: 17px;\n--wpforms-button-size-font-size: 17px;\n--wpforms-button-size-height: 41px;\n--wpforms-button-size-padding-h: 15px;\n--wpforms-button-size-margin-top: 10px;\n\n\t\t\t}\n\t\t\t<\/style><div class=\"wpforms-container wpforms-container-full wpforms-block wpforms-block-d6bf7d9b-f32d-41e9-88f0-3758dae16ca8 wpforms-render-modern\" id=\"wpforms-78\"><form id=\"wpforms-form-78\" class=\"wpforms-validate wpforms-form wpforms-ajax-form\" data-formid=\"78\" method=\"post\" enctype=\"multipart\/form-data\" action=\"\/wordpress\/wp-json\/wp\/v2\/pages\/103\" data-token=\"146afa991eeff60f0506d0c06b7e1c02\" data-token-time=\"1778055591\"><noscript class=\"wpforms-error-noscript\">Veuillez activer JavaScript dans votre navigateur pour remplir ce formulaire.<\/noscript><div class=\"wpforms-hidden\" id=\"wpforms-error-noscript\">Veuillez activer JavaScript dans votre navigateur pour remplir ce formulaire.<\/div><div class=\"wpforms-field-container\"><div id=\"wpforms-78-field_9-container\" class=\"wpforms-field wpforms-field-select wpforms-field-select-style-modern\" data-field-id=\"9\"><label class=\"wpforms-field-label\" for=\"wpforms-78-field_9\">Choix de l&#039;\u00e9v\u00e9nement <span class=\"wpforms-required-label\" aria-hidden=\"true\">*<\/span><\/label><select id=\"wpforms-78-field_9\" class=\"wpforms-field-large wpforms-field-required choicesjs-select\" data-size-class=\"wpforms-field-row wpforms-field-large\" data-search-enabled=\"\" name=\"wpforms[fields][9]\" required=\"required\"><option value=\"\" class=\"placeholder\" disabled  selected='selected'>Faites votre choix<\/option><option value=\"Forum Handicap - 09 octobre \u00e0 Cabourg\" >Forum Handicap &#8211; 09 octobre \u00e0 Cabourg<\/option><\/select><\/div><div id=\"wpforms-78-field_4-container\" class=\"wpforms-field wpforms-field-text\" data-field-id=\"4\"><label class=\"wpforms-field-label\" for=\"wpforms-78-field_4\">Nom <span class=\"wpforms-required-label\" aria-hidden=\"true\">*<\/span><\/label><input type=\"text\" id=\"wpforms-78-field_4\" class=\"wpforms-field-large wpforms-field-required\" name=\"wpforms[fields][4]\" placeholder=\"Nom\" aria-errormessage=\"wpforms-78-field_4-error\" required><\/div><div id=\"wpforms-78-field_5-container\" class=\"wpforms-field wpforms-field-text\" data-field-id=\"5\"><label class=\"wpforms-field-label\" for=\"wpforms-78-field_5\">Pr\u00e9nom <span class=\"wpforms-required-label\" aria-hidden=\"true\">*<\/span><\/label><input type=\"text\" id=\"wpforms-78-field_5\" class=\"wpforms-field-large wpforms-field-required\" name=\"wpforms[fields][5]\" placeholder=\"Pr\u00e9nom\" aria-errormessage=\"wpforms-78-field_5-error\" required><\/div><div id=\"wpforms-78-field_3-container\" class=\"wpforms-field wpforms-field-text\" data-field-id=\"3\"><label class=\"wpforms-field-label\" for=\"wpforms-78-field_3\">Adresse <span class=\"wpforms-required-label\" aria-hidden=\"true\">*<\/span><\/label><input type=\"text\" id=\"wpforms-78-field_3\" class=\"wpforms-field-large wpforms-field-required\" name=\"wpforms[fields][3]\" placeholder=\"Num\u00e9ro , Rue\" aria-errormessage=\"wpforms-78-field_3-error\" required><\/div><div id=\"wpforms-78-field_16-container\" class=\"wpforms-field wpforms-field-text\" data-field-id=\"16\"><label class=\"wpforms-field-label\" for=\"wpforms-78-field_16\">Code postal <span class=\"wpforms-required-label\" aria-hidden=\"true\">*<\/span><\/label><input type=\"text\" id=\"wpforms-78-field_16\" class=\"wpforms-field-large wpforms-field-required wpforms-limit-characters-enabled\" data-form-id=\"78\" data-field-id=\"16\" data-text-limit=\"5\" name=\"wpforms[fields][16]\" placeholder=\"Num\u00e9ro code postal\" aria-errormessage=\"wpforms-78-field_16-error\" maxlength=\"5\" required><\/div><div id=\"wpforms-78-field_17-container\" class=\"wpforms-field wpforms-field-text\" data-field-id=\"17\"><label class=\"wpforms-field-label\" for=\"wpforms-78-field_17\">Ville <span class=\"wpforms-required-label\" aria-hidden=\"true\">*<\/span><\/label><input type=\"text\" id=\"wpforms-78-field_17\" class=\"wpforms-field-large wpforms-field-required\" name=\"wpforms[fields][17]\" placeholder=\"ville\" aria-errormessage=\"wpforms-78-field_17-error\" required><\/div><div id=\"wpforms-78-field_15-container\" class=\"wpforms-field wpforms-field-select wpforms-field-select-style-modern\" data-field-id=\"15\"><label class=\"wpforms-field-label\" for=\"wpforms-78-field_15\">Votre D\u00e9partement <span class=\"wpforms-required-label\" aria-hidden=\"true\">*<\/span><\/label><select id=\"wpforms-78-field_15\" class=\"wpforms-field-large wpforms-field-required choicesjs-select\" data-size-class=\"wpforms-field-row wpforms-field-large\" data-search-enabled=\"\" name=\"wpforms[fields][15]\" required=\"required\"><option value=\"\" class=\"placeholder\" disabled  selected='selected'>S\u00e9lectionner votre d\u00e9partement<\/option><option value=\"Calvados\" >Calvados<\/option><option value=\"Eure\" >Eure<\/option><option value=\"Manche\" >Manche<\/option><option value=\"Orne\" >Orne<\/option><option value=\"Seine-Maritime\" >Seine-Maritime<\/option><\/select><\/div><div id=\"wpforms-78-field_11-container\" class=\"wpforms-field wpforms-field-email\" data-field-id=\"11\"><label class=\"wpforms-field-label\" for=\"wpforms-78-field_11\">E-mail <span class=\"wpforms-required-label\" aria-hidden=\"true\">*<\/span><\/label><input type=\"email\" id=\"wpforms-78-field_11\" class=\"wpforms-field-large wpforms-field-required\" name=\"wpforms[fields][11]\" placeholder=\"Votre adresse mail\" spellcheck=\"false\" aria-errormessage=\"wpforms-78-field_11-error\" required><\/div><div id=\"wpforms-78-field_7-container\" class=\"wpforms-field wpforms-field-text\" data-field-id=\"7\"><label class=\"wpforms-field-label\" for=\"wpforms-78-field_7\">Num\u00e9ro de t\u00e9l\u00e9phone <span class=\"wpforms-required-label\" aria-hidden=\"true\">*<\/span><\/label><input type=\"text\" id=\"wpforms-78-field_7\" class=\"wpforms-field-large wpforms-field-required wpforms-limit-characters-enabled\" data-form-id=\"78\" data-field-id=\"7\" data-text-limit=\"10\" name=\"wpforms[fields][7]\" placeholder=\"N\u00b0 de mobile\" aria-errormessage=\"wpforms-78-field_7-error\" maxlength=\"10\" required><\/div><div id=\"wpforms-78-field_6-container\" class=\"wpforms-field wpforms-field-text\" data-field-id=\"6\"><label class=\"wpforms-field-label\" for=\"wpforms-78-field_6\">Code INARIC <span class=\"wpforms-required-label\" aria-hidden=\"true\">*<\/span><\/label><input type=\"text\" id=\"wpforms-78-field_6\" class=\"wpforms-field-large wpforms-field-required wpforms-limit-characters-enabled\" data-form-id=\"78\" data-field-id=\"6\" data-text-limit=\"7\" name=\"wpforms[fields][6]\" placeholder=\"Votre code inaric\" aria-errormessage=\"wpforms-78-field_6-error\" maxlength=\"7\" required><\/div><div id=\"wpforms-78-field_24-container\" class=\"wpforms-field wpforms-field-text\" data-field-id=\"24\"><label class=\"wpforms-field-label\" for=\"wpforms-78-field_24\">Nom de votre Entreprise <span class=\"wpforms-required-label\" aria-hidden=\"true\">*<\/span><\/label><input type=\"text\" id=\"wpforms-78-field_24\" class=\"wpforms-field-large wpforms-field-required\" name=\"wpforms[fields][24]\" placeholder=\"Indiquer le nom de votre entreprise\" aria-errormessage=\"wpforms-78-field_24-error\" required><\/div><div id=\"wpforms-78-field_27-container\" class=\"wpforms-field wpforms-field-text\" data-field-id=\"27\"><label class=\"wpforms-field-label\" for=\"wpforms-78-field_27\">Indiquez votre mandat syndical<\/label><input type=\"text\" id=\"wpforms-78-field_27\" class=\"wpforms-field-large\" name=\"wpforms[fields][27]\" placeholder=\"Renseigner le ou les mandats que vous avez\" aria-errormessage=\"wpforms-78-field_27-error\" ><\/div><div id=\"wpforms-78-field_25-container\" class=\"wpforms-field wpforms-field-text\" data-field-id=\"25\"><label class=\"wpforms-field-label\" for=\"wpforms-78-field_25\">Avez-vous un r\u00e9gime alimentaire ? Si oui lequel ?<\/label><input type=\"text\" id=\"wpforms-78-field_25\" class=\"wpforms-field-large\" name=\"wpforms[fields][25]\" placeholder=\"Indiquer votre r\u00e9gime alimentaire\" aria-errormessage=\"wpforms-78-field_25-error\" ><\/div><div id=\"wpforms-78-field_26-container\" class=\"wpforms-field wpforms-field-text\" data-field-id=\"26\"><label class=\"wpforms-field-label\" for=\"wpforms-78-field_26\">Avez-vous besoin d&#039;une assistance particuli\u00e8re pour participer \u00e0 cette formation ? Si oui, veuillez nous l&#039;indiquer.<\/label><input type=\"text\" id=\"wpforms-78-field_26\" class=\"wpforms-field-large\" name=\"wpforms[fields][26]\" placeholder=\"Indiquer l&#039;assistance dont vous avez besoin\" aria-errormessage=\"wpforms-78-field_26-error\" ><\/div><div id=\"wpforms-78-field_22-container\" class=\"wpforms-field wpforms-field-radio\" data-field-id=\"22\"><fieldset><legend class=\"wpforms-field-label\">Charte du stagiaire <span class=\"wpforms-required-label\" aria-hidden=\"true\">*<\/span><\/legend><ul id=\"wpforms-78-field_22\" class=\"wpforms-field-required\"><li class=\"choice-1 depth-1\"><input type=\"radio\" id=\"wpforms-78-field_22_1\" name=\"wpforms[fields][22]\" value=\"J&#039;accepte les conditions et je certifie avoir pris connaissance de la charte ci-dessous.\" aria-errormessage=\"wpforms-78-field_22_1-error\" aria-describedby=\"wpforms-78-field_22-description\" required ><label class=\"wpforms-field-label-inline\" for=\"wpforms-78-field_22_1\">J&rsquo;accepte les conditions et je certifie avoir pris connaissance de la charte ci-dessous.<\/label><\/li><\/ul><div id=\"wpforms-78-field_22-description\" class=\"wpforms-field-description\">Le service formation de l&rsquo;UR CFTC NORMANDIE est un point de passage incontournable pour celles et ceux qui souhaitent s\u2019engager dans l\u2019aventure syndicale.\n\nAu-del\u00e0 de la th\u00e9orie, qui permet d\u2019acqu\u00e9rir de nouvelles connaissances, la formation est un moment d\u2019\u00e9changes et de partage d\u2019exp\u00e9riences entre les participants.\n\nV\u00e9ritable outil de d\u00e9veloppement personnel et professionnel, la formation est l\u2019une des cl\u00e9s de l\u2019efficacit\u00e9 syndicale, indispensable pour la r\u00e9ussite de la CFTC dans les entreprises, les collectivit\u00e9s, les administrations.\n\n\u00c0 l\u2019issue de chaque session, une attestation de pr\u00e9sence sera d\u00e9livr\u00e9e, \u00e0 condition de suivre l\u2019int\u00e9gralit\u00e9 du stage.\n\nPar ailleurs et afin que les formations se d\u00e9roulent dans de bonnes conditions, nous vous demandons de vous engager par la pr\u00e9sente \u00e0 :\n\n\u2022\t\u00catre pr\u00e9sent au stage.\n\n\u2022\tRespecter les horaires du stage.\n\n\u2022\t\u00c9marger pour chaque jour de pr\u00e9sence.\n\n\u2022\tAdopter une attitude bienveillante.\n\n\u2022\tLe t\u00e9l\u00e9phone peut \u00eatre utilis\u00e9 en dehors de la salle de formation et doit \u00eatre en mode veille durant le stage.\n\n\u2022\tParticiper \u00e0 l\u2019am\u00e9lioration du stage en \u00e9valuant la session.\n\nTout manquement pourra entrainer \u00e0 tout moment, sur demande du formateur ou du responsable de la formation l\u2019exclusion du stage et aucune attestation de pr\u00e9sence ne sera remise.\n<\/div><\/fieldset><\/div><\/div><!-- .wpforms-field-container --><div class=\"wpforms-submit-container\" ><input type=\"hidden\" name=\"wpforms[id]\" value=\"78\"><input type=\"hidden\" name=\"page_title\" value=\"\"><input type=\"hidden\" name=\"page_url\" value=\"https:\/\/cftc-transports.synology.me\/wordpress\/wp-json\/wp\/v2\/pages\/103\"><input type=\"hidden\" name=\"url_referer\" value=\"\"><button type=\"submit\" name=\"wpforms[submit]\" id=\"wpforms-submit-78\" class=\"wpforms-submit\" data-alt-text=\"Envoi...\" data-submit-text=\"Envoyer\" aria-live=\"assertive\" value=\"wpforms-submit\">Envoyer<\/button><img loading=\"lazy\" decoding=\"async\" src=\"https:\/\/cftc-transports.synology.me\/wordpress\/wp-content\/plugins\/wpforms-lite\/assets\/images\/submit-spin.svg\" class=\"wpforms-submit-spinner\" style=\"display: none;\" width=\"26\" height=\"26\" alt=\"Chargement en cours\"><\/div><\/form><\/div>  <!-- .wpforms-container -->\n\n\n<p class=\"has-text-align-right has-text-color has-link-color has-medium-font-size wp-elements-a6342bc48a65a53c3ee40cc8a8810027\" style=\"color:#ea4f70\"><strong>VOTRE DEMANDE CFESES EMPLOYEUR TELECHARGEABLE<\/strong><\/p>\n\n\n\n<div class=\"wp-block-file alignright\"><a id=\"wp-block-file--media-e6857b8d-ce88-4b2f-9954-a1a7b79f5aff\" href=\"https:\/\/cftc-transports.synology.me\/wordpress\/inscription\/demande-cfeses-employeur\/\"><mark style=\"background-color:rgba(0, 0, 0, 0);color:#0f3f93\" class=\"has-inline-color\"><strong>DEMANDE-CFESES-EMPLOYEUR<\/strong><\/mark><\/a><a href=\"https:\/\/cftc-transports.synology.me\/wordpress\/wp-content\/uploads\/2024\/10\/DEMANDE-CFESES-EMPLOYEUR.docx\" class=\"wp-block-file__button wp-element-button\" download aria-describedby=\"wp-block-file--media-e6857b8d-ce88-4b2f-9954-a1a7b79f5aff\">T\u00e9l\u00e9charger<\/a><\/div>\n\n\n\n<figure class=\"wp-block-image aligncenter size-full is-resized\"><img loading=\"lazy\" decoding=\"async\" width=\"594\" height=\"550\" src=\"https:\/\/cftc-transports.synology.me\/wordpress\/wp-content\/uploads\/2024\/11\/WhatsApp-Image-2024-11-16-a-15.36.07_7f89eead.jpg\" alt=\"\" class=\"wp-image-517\" style=\"width:234px;height:auto\" srcset=\"https:\/\/cftc-transports.synology.me\/wordpress\/wp-content\/uploads\/2024\/11\/WhatsApp-Image-2024-11-16-a-15.36.07_7f89eead.jpg 594w, https:\/\/cftc-transports.synology.me\/wordpress\/wp-content\/uploads\/2024\/11\/WhatsApp-Image-2024-11-16-a-15.36.07_7f89eead-300x278.jpg 300w, https:\/\/cftc-transports.synology.me\/wordpress\/wp-content\/uploads\/2024\/11\/WhatsApp-Image-2024-11-16-a-15.36.07_7f89eead-200x185.jpg 200w\" sizes=\"auto, (max-width: 594px) 100vw, 594px\" \/><\/figure>\n","protected":false},"excerpt":{"rendered":"<p>Le syndicat constructif VOTRE DEMANDE CFESES EMPLOYEUR TELECHARGEABLE<\/p>\n","protected":false},"author":1,"featured_media":0,"parent":0,"menu_order":0,"comment_status":"closed","ping_status":"closed","template":"","meta":{"site-sidebar-layout":"right-sidebar","site-content-layout":"","ast-site-content-layout":"normal-width-container","site-content-style":"unboxed","site-sidebar-style":"unboxed","ast-global-header-display":"","ast-banner-title-visibility":"","ast-main-header-display":"","ast-hfb-above-header-display":"","ast-hfb-below-header-display":"","ast-hfb-mobile-header-display":"","site-post-title":"","ast-breadcrumbs-content":"","ast-featured-img":"","footer-sml-layout":"","theme-transparent-header-meta":"","adv-header-id-meta":"","stick-header-meta":"","header-above-stick-meta":"","header-main-stick-meta":"","header-below-stick-meta":"","astra-migrate-meta-layouts":"default","ast-page-background-enabled":"default","ast-page-background-meta":{"desktop":{"background-color":"var(--ast-global-color-4)","background-image":"","background-repeat":"repeat","background-position":"center center","background-size":"auto","background-attachment":"scroll","background-type":"","background-media":"","overlay-type":"","overlay-color":"","overlay-opacity":"","overlay-gradient":""},"tablet":{"background-color":"","background-image":"","background-repeat":"repeat","background-position":"center center","background-size":"auto","background-attachment":"scroll","background-type":"","background-media":"","overlay-type":"","overlay-color":"","overlay-opacity":"","overlay-gradient":""},"mobile":{"background-color":"","background-image":"","background-repeat":"repeat","background-position":"center center","background-size":"auto","background-attachment":"scroll","background-type":"","background-media":"","overlay-type":"","overlay-color":"","overlay-opacity":"","overlay-gradient":""}},"ast-content-background-meta":{"desktop":{"background-color":"var(--ast-global-color-5)","background-image":"","background-repeat":"repeat","background-position":"center center","background-size":"auto","background-attachment":"scroll","background-type":"","background-media":"","overlay-type":"","overlay-color":"","overlay-opacity":"","overlay-gradient":""},"tablet":{"background-color":"var(--ast-global-color-5)","background-image":"","background-repeat":"repeat","background-position":"center center","background-size":"auto","background-attachment":"scroll","background-type":"","background-media":"","overlay-type":"","overlay-color":"","overlay-opacity":"","overlay-gradient":""},"mobile":{"background-color":"var(--ast-global-color-5)","background-image":"","background-repeat":"repeat","background-position":"center center","background-size":"auto","background-attachment":"scroll","background-type":"","background-media":"","overlay-type":"","overlay-color":"","overlay-opacity":"","overlay-gradient":""}},"footnotes":""},"class_list":["post-103","page","type-page","status-publish","hentry"],"_links":{"self":[{"href":"https:\/\/cftc-transports.synology.me\/wordpress\/wp-json\/wp\/v2\/pages\/103","targetHints":{"allow":["GET"]}}],"collection":[{"href":"https:\/\/cftc-transports.synology.me\/wordpress\/wp-json\/wp\/v2\/pages"}],"about":[{"href":"https:\/\/cftc-transports.synology.me\/wordpress\/wp-json\/wp\/v2\/types\/page"}],"author":[{"embeddable":true,"href":"https:\/\/cftc-transports.synology.me\/wordpress\/wp-json\/wp\/v2\/users\/1"}],"replies":[{"embeddable":true,"href":"https:\/\/cftc-transports.synology.me\/wordpress\/wp-json\/wp\/v2\/comments?post=103"}],"version-history":[{"count":29,"href":"https:\/\/cftc-transports.synology.me\/wordpress\/wp-json\/wp\/v2\/pages\/103\/revisions"}],"predecessor-version":[{"id":554,"href":"https:\/\/cftc-transports.synology.me\/wordpress\/wp-json\/wp\/v2\/pages\/103\/revisions\/554"}],"wp:attachment":[{"href":"https:\/\/cftc-transports.synology.me\/wordpress\/wp-json\/wp\/v2\/media?parent=103"}],"curies":[{"name":"wp","href":"https:\/\/api.w.org\/{rel}","templated":true}]}}